{"id":199,"date":"2018-05-12T17:27:51","date_gmt":"2018-05-12T15:27:51","guid":{"rendered":"https:\/\/fidendo.com\/?page_id=199\/"},"modified":"2018-10-29T15:08:12","modified_gmt":"2018-10-29T13:08:12","slug":"escape-room-investment","status":"publish","type":"page","link":"https:\/\/fidendo.com\/de\/escape-room-investment\/","title":{"rendered":"Escape Room Investment"},"content":{"rendered":"\t\t<div data-elementor-type=\"wp-post\" data-elementor-id=\"199\" class=\"elementor elementor-199 elementor-bc-flex-widget\" data-elementor-settings=\"[]\">\n\t\t\t\t\t\t<div class=\"elementor-inner\">\n\t\t\t\t\t\t\t<div class=\"elementor-section-wrap\">\n\t\t\t\t\t\t\t<section class=\"elementor-section elementor-top-section elementor-element elementor-element-6e002599 elementor-section-boxed elementor-section-height-default elementor-section-height-default\" data-id=\"6e002599\" data-element_type=\"section\">\n\t\t\t\t\t\t<div class=\"elementor-container elementor-column-gap-default\">\n\t\t\t\t\t\t\t<div class=\"elementor-row\">\n\t\t\t\t\t<div class=\"elementor-column elementor-col-100 elementor-top-column elementor-element elementor-element-3c5c767d\" data-id=\"3c5c767d\" data-element_type=\"column\">\n\t\t\t<div class=\"elementor-column-wrap elementor-element-populated\">\n\t\t\t\t\t\t\t<div class=\"elementor-widget-wrap\">\n\t\t\t\t\t\t<div class=\"elementor-element elementor-element-e544dc4 elementor-widget elementor-widget-heading\" data-id=\"e544dc4\" data-element_type=\"widget\" data-widget_type=\"heading.default\">\n\t\t\t\t<div class=\"elementor-widget-container\">\n\t\t\t<h2 class=\"elementor-heading-title elementor-size-default\">Warum in die Escape Branche investieren?<\/h2>\t\t<\/div>\n\t\t\t\t<\/div>\n\t\t\t\t<div class=\"elementor-element elementor-element-53ea7f02 elementor-widget elementor-widget-text-editor\" data-id=\"53ea7f02\" data-element_type=\"widget\" data-widget_type=\"text-editor.default\">\n\t\t\t\t<div class=\"elementor-widget-container\">\n\t\t\t\t\t<div class=\"elementor-text-editor elementor-clearfix\"><p>Deutschland ist ein Sp\u00e4tz\u00fcnder im Escape Room Business und daher bieten sich hier noch viele M\u00f6glichkeiten f\u00fcr ein lukratives Investment. Unsere eigene Recherche zeigt, dass der Markt bisher weitgehend organisch, d.h. ohne gr\u00f6\u00dfere Investments, um ca. 30% j\u00e4hrlich w\u00e4chst. Viel wichtiger ist jedoch unsere Erkenntnis, dass zurzeit noch mindestens <strong>230 Mio. \u20ac an Marktvolumen nicht bedient<\/strong> werden! Besonders mittelgro\u00dfe und kleine St\u00e4dte bieten noch viel Potential f\u00fcr professionell gef\u00fchrte Escape Room Filialen.<\/p><p>Durch unsere langj\u00e4hrige Erfahrung in dieser Branche aus den verschiedensten Blickwinkeln, haben wir ein Businessmodell entwickelt, dass das Maximum aus Ihrem Investment herausholt. Durch eine geschickte strategische Ausrichtung auf B2C und B2B Kunden, kombiniert mit unserem einzigartigen Know-How der besonderen Anforderungen des Onlinevertriebs, erzielen wir momentan eine <strong>Bruttoumsatzrendite von \u00fcber 30%<\/strong>.<\/p><p>Kontaktieren Sie uns f\u00fcr weitere \u00fcberzeugende Argumente f\u00fcr ein Investment in ein <strong>bereits funktionierendes, cash-flow positives Businessmodell mit unbedienter Nachfrage<\/strong>, die es jetzt schnell zu f\u00fcllen gilt.<\/p><\/div>\n\t\t\t\t<\/div>\n\t\t\t\t<\/div>\n\t\t\t\t<div class=\"elementor-element elementor-element-8256be4 elementor-align-center elementor-widget elementor-widget-button\" data-id=\"8256be4\" data-element_type=\"widget\" data-widget_type=\"button.default\">\n\t\t\t\t<div class=\"elementor-widget-container\">\n\t\t\t\t\t<div class=\"elementor-button-wrapper\">\n\t\t\t<a href=\"\/de\/kontakt\" class=\"elementor-button-link elementor-button elementor-size-sm elementor-animation-grow\" role=\"button\">\n\t\t\t\t\t\t<span class=\"elementor-button-content-wrapper\">\n\t\t\t\t\t\t<span class=\"elementor-button-icon elementor-align-icon-left\">\n\t\t\t\t\t\t\t\t\t<i class=\"fa fa-address-card-o\" aria-hidden=\"true\"><\/i>\n\t\t\t\t\t\t\t<\/span>\n\t\t\t\t\t\t<span class=\"elementor-button-text\">Kontakt<\/span>\n\t\t<\/span>\n\t\t\t\t\t<\/a>\n\t\t<\/div>\n\t\t\t\t<\/div>\n\t\t\t\t<\/div>\n\t\t\t\t\t\t<\/div>\n\t\t\t\t\t<\/div>\n\t\t<\/div>\n\t\t\t\t\t\t\t\t<\/div>\n\t\t\t\t\t<\/div>\n\t\t<\/section>\n\t\t\t\t<section class=\"elementor-section elementor-top-section elementor-element elementor-element-3a94da5 elementor-section-boxed elementor-section-height-default elementor-section-height-default\" data-id=\"3a94da5\" data-element_type=\"section\">\n\t\t\t\t\t\t<div class=\"elementor-container elementor-column-gap-default\">\n\t\t\t\t\t\t\t<div class=\"elementor-row\">\n\t\t\t\t\t<div class=\"elementor-column elementor-col-100 elementor-top-column elementor-element elementor-element-71cd5fb\" data-id=\"71cd5fb\" data-element_type=\"column\">\n\t\t\t<div class=\"elementor-column-wrap elementor-element-populated\">\n\t\t\t\t\t\t\t<div class=\"elementor-widget-wrap\">\n\t\t\t\t\t\t<div class=\"elementor-element elementor-element-ca670fd elementor-widget elementor-widget-spacer\" data-id=\"ca670fd\" data-element_type=\"widget\" data-widget_type=\"spacer.default\">\n\t\t\t\t<div class=\"elementor-widget-container\">\n\t\t\t\t\t<div class=\"elementor-spacer\">\n\t\t\t<div class=\"elementor-spacer-inner\"><\/div>\n\t\t<\/div>\n\t\t\t\t<\/div>\n\t\t\t\t<\/div>\n\t\t\t\t<div class=\"elementor-element elementor-element-040c331 elementor-widget-divider--view-line elementor-widget elementor-widget-divider\" data-id=\"040c331\" data-element_type=\"widget\" data-widget_type=\"divider.default\">\n\t\t\t\t<div class=\"elementor-widget-container\">\n\t\t\t\t\t<div class=\"elementor-divider\">\n\t\t\t<span class=\"elementor-divider-separator\">\n\t\t\t\t\t\t<\/span>\n\t\t<\/div>\n\t\t\t\t<\/div>\n\t\t\t\t<\/div>\n\t\t\t\t<div class=\"elementor-element elementor-element-d347653 elementor-widget elementor-widget-spacer\" data-id=\"d347653\" data-element_type=\"widget\" data-widget_type=\"spacer.default\">\n\t\t\t\t<div class=\"elementor-widget-container\">\n\t\t\t\t\t<div class=\"elementor-spacer\">\n\t\t\t<div class=\"elementor-spacer-inner\"><\/div>\n\t\t<\/div>\n\t\t\t\t<\/div>\n\t\t\t\t<\/div>\n\t\t\t\t<div class=\"elementor-element elementor-element-c22829a elementor-widget elementor-widget-heading\" data-id=\"c22829a\" data-element_type=\"widget\" data-widget_type=\"heading.default\">\n\t\t\t\t<div class=\"elementor-widget-container\">\n\t\t\t<h2 class=\"elementor-heading-title elementor-size-default\">Pitch-Deck<\/h2>\t\t<\/div>\n\t\t\t\t<\/div>\n\t\t\t\t<div class=\"elementor-element elementor-element-f898de3 elementor-widget elementor-widget-text-editor\" data-id=\"f898de3\" data-element_type=\"widget\" data-widget_type=\"text-editor.default\">\n\t\t\t\t<div class=\"elementor-widget-container\">\n\t\t\t\t\t<div class=\"elementor-text-editor elementor-clearfix\"><p>Der nachfolgende Button f\u00fchrt Sie zu unserem Passwort-gesch\u00fctzten Bereich. Dieser beeinhaltet weiteres Infomaterial zu unserem Unternehmen und unserer Vision. Dort befindet sich auch unser Pitch-Deck. Kontaktieren Sie uns einfach, falls Sie auch Zugang zu diesem Bereich haben m\u00f6chten!<\/p><\/div>\n\t\t\t\t<\/div>\n\t\t\t\t<\/div>\n\t\t\t\t<div class=\"elementor-element elementor-element-bf47e85 elementor-align-center elementor-widget elementor-widget-button\" data-id=\"bf47e85\" data-element_type=\"widget\" data-widget_type=\"button.default\">\n\t\t\t\t<div class=\"elementor-widget-container\">\n\t\t\t\t\t<div class=\"elementor-button-wrapper\">\n\t\t\t<a href=\"\/de\/escape-room-investment\/pitch-deck\" class=\"elementor-button-link elementor-button elementor-size-sm elementor-animation-grow\" role=\"button\">\n\t\t\t\t\t\t<span class=\"elementor-button-content-wrapper\">\n\t\t\t\t\t\t<span class=\"elementor-button-icon elementor-align-icon-left\">\n\t\t\t\t\t\t\t\t\t<i class=\"fa fa-key\" aria-hidden=\"true\"><\/i>\n\t\t\t\t\t\t\t<\/span>\n\t\t\t\t\t\t<span class=\"elementor-button-text\">Pitch-Deck<\/span>\n\t\t<\/span>\n\t\t\t\t\t<\/a>\n\t\t<\/div>\n\t\t\t\t<\/div>\n\t\t\t\t<\/div>\n\t\t\t\t\t\t<\/div>\n\t\t\t\t\t<\/div>\n\t\t<\/div>\n\t\t\t\t\t\t\t\t<\/div>\n\t\t\t\t\t<\/div>\n\t\t<\/section>\n\t\t\t\t\t\t<\/div>\n\t\t\t\t\t\t<\/div>\n\t\t\t\t\t<\/div>\n\t\t","protected":false},"excerpt":{"rendered":"<p>Warum in die Escape Branche investieren? Deutschland ist ein Sp\u00e4tz\u00fcnder im Escape Room Business und daher bieten sich hier noch viele M\u00f6glichkeiten f\u00fcr ein lukratives Investment. Unsere eigene Recherche zeigt, dass der Markt bisher weitgehend organisch, d.h. ohne gr\u00f6\u00dfere Investments, um ca. 30% j\u00e4hrlich w\u00e4chst. Viel wichtiger ist jedoch unsere Erkenntnis, dass zurzeit noch mindestens 230 Mio. \u20ac an Marktvolumen nicht bedient werden! Besonders mittelgro\u00dfe und kleine St\u00e4dte bieten noch&#8230;<\/p>\n","protected":false},"author":1,"featured_media":0,"parent":0,"menu_order":0,"comment_status":"closed","ping_status":"closed","template":"","meta":[],"_links":{"self":[{"href":"https:\/\/fidendo.com\/de\/wp-json\/wp\/v2\/pages\/199"}],"collection":[{"href":"https:\/\/fidendo.com\/de\/wp-json\/wp\/v2\/pages"}],"about":[{"href":"https:\/\/fidendo.com\/de\/wp-json\/wp\/v2\/types\/page"}],"author":[{"embeddable":true,"href":"https:\/\/fidendo.com\/de\/wp-json\/wp\/v2\/users\/1"}],"replies":[{"embeddable":true,"href":"https:\/\/fidendo.com\/de\/wp-json\/wp\/v2\/comments?post=199"}],"version-history":[{"count":33,"href":"https:\/\/fidendo.com\/de\/wp-json\/wp\/v2\/pages\/199\/revisions"}],"predecessor-version":[{"id":326,"href":"https:\/\/fidendo.com\/de\/wp-json\/wp\/v2\/pages\/199\/revisions\/326"}],"wp:attachment":[{"href":"https:\/\/fidendo.com\/de\/wp-json\/wp\/v2\/media?parent=199"}],"curies":[{"name":"wp","href":"https:\/\/api.w.org\/{rel}","templated":true}]}}