{"id":29,"date":"2017-05-09T14:47:09","date_gmt":"2017-05-09T14:47:09","guid":{"rendered":"https:\/\/fidendo.com\/?page_id=29"},"modified":"2018-05-12T22:42:50","modified_gmt":"2018-05-12T22:42:50","slug":"unser-portfolio","status":"publish","type":"page","link":"https:\/\/fidendo.com\/de\/unser-portfolio\/","title":{"rendered":"Unser Portfolio"},"content":{"rendered":"<p>Aktuell betreiben wir zwei Onlineverzeichnisse, eine Onlinemarketing Agentur und ein Performance Marketing Netzwerk.<\/p>\n<p>&nbsp;<\/p>\n<p><a href=\"https:\/\/escaperoomlink.com\"><strong>EscapeRoomLINK<\/strong><\/a> ist das einzige Performance bzw. Affiliate Marketing Netzwerk einzig und allein f\u00fcr das Escape Room Business. Das Beste an diesem System ist, dass daf\u00fcr kein knappes Marketing Budget im Voraus ausgegeben werden muss. Registrieren Sie sich jetzt!<\/p>\n<p><a href=\"https:\/\/www.escaperoomgames.de\"><strong>EscapeRoomGames<\/strong><\/a> ist das gr\u00f6\u00dfte Verzeichnis von Escape Room Anbietern in ganz Deutschland. Wir haben die Webseite bereits im Januar 2015 online gestellt und beobachten seitdem ein enormes Wachstum der Escape Szene im Land. Aktuell befinden sich 366 Standorte mit 945 Escape Rooms in 174 verschiedenen deutschen St\u00e4dten im Verzeichnis. Finden Sie heraus welche sich in Ihrer N\u00e4he befinden!<\/p>\n<p><a href=\"https:\/\/escaperoomfranchise.org\"><strong>EscapeRoomFranchise<\/strong><\/a> ist das bisher einzige, weltweite Verzeichnis f\u00fcr die Escape Room Industrie. Alle Dienstleister k\u00f6nnen hier ihre Produkte wie Franchise, Design und Equipment f\u00fcr die Escape Room Szene anbieten.<\/p>\n<p><a href=\"https:\/\/promohafen.com\"><strong>PROMOHAFEN<\/strong><\/a> ist unsere neueste Entwicklung. \u00dcber die Jahre haben wir immer wieder einigen Escape Room Besitzern dabei geholfen ihre Escape Games online zu Vermarkten. Dabei haben wir bemerkt, dass bei der Vermarktung von Escape Games einige Besonderheiten beachtet werden m\u00fcssen, um die Effektivit\u00e4t der Werbema\u00dfnahmen zu beobachten. Daher haben wir beschlossen unsere Tracking- und Marktexpertise mit mehreren Partnern zu kombinieren und eine spezialisierte Onlinemarketing Agentur ins Leben zu rufen. Die Agentur k\u00fcmmert sich um Google AdWords, SEO und die Erstellung von Webseiten f\u00fcr Fluchtspielbetreiber. Und weil wir spezialisiert auf das Escape Business sind, konnten wir viele Arbeitsschritte automatisieren und dadurch unsere Kosten senken. Daher sind wir in der Lage ein hervorragendes Preis-Leistungs-Verh\u00e4ltnis f\u00fcr unsere Kunden zu liefern.<\/p>\n","protected":false},"excerpt":{"rendered":"<p>Aktuell betreiben wir zwei Onlineverzeichnisse, eine Onlinemarketing Agentur und ein Performance Marketing Netzwerk. &nbsp; EscapeRoomLINK ist das einzige Performance bzw. Affiliate Marketing Netzwerk einzig und allein f\u00fcr das Escape Room Business. Das Beste an diesem System ist, dass daf\u00fcr kein knappes Marketing Budget im Voraus ausgegeben werden muss. Registrieren Sie sich jetzt! EscapeRoomGames ist das gr\u00f6\u00dfte Verzeichnis von Escape Room Anbietern in ganz Deutschland. Wir haben die Webseite bereits im&#8230;<\/p>\n","protected":false},"author":2,"featured_media":0,"parent":0,"menu_order":0,"comment_status":"closed","ping_status":"closed","template":"","meta":[],"_links":{"self":[{"href":"https:\/\/fidendo.com\/de\/wp-json\/wp\/v2\/pages\/29"}],"collection":[{"href":"https:\/\/fidendo.com\/de\/wp-json\/wp\/v2\/pages"}],"about":[{"href":"https:\/\/fidendo.com\/de\/wp-json\/wp\/v2\/types\/page"}],"author":[{"embeddable":true,"href":"https:\/\/fidendo.com\/de\/wp-json\/wp\/v2\/users\/2"}],"replies":[{"embeddable":true,"href":"https:\/\/fidendo.com\/de\/wp-json\/wp\/v2\/comments?post=29"}],"version-history":[{"count":7,"href":"https:\/\/fidendo.com\/de\/wp-json\/wp\/v2\/pages\/29\/revisions"}],"predecessor-version":[{"id":238,"href":"https:\/\/fidendo.com\/de\/wp-json\/wp\/v2\/pages\/29\/revisions\/238"}],"wp:attachment":[{"href":"https:\/\/fidendo.com\/de\/wp-json\/wp\/v2\/media?parent=29"}],"curies":[{"name":"wp","href":"https:\/\/api.w.org\/{rel}","templated":true}]}}